{"id":2028,"date":"2024-02-10T18:13:18","date_gmt":"2024-02-10T18:13:18","guid":{"rendered":"https:\/\/www.gruendach-technik.de\/wp4\/?page_id=2028"},"modified":"2024-08-22T21:11:17","modified_gmt":"2024-08-22T19:11:17","slug":"intensive-dachbegruenungen","status":"publish","type":"page","link":"https:\/\/www.gruendach-technik.de\/gdt\/intensive-dachbegruenungen\/","title":{"rendered":"Intensive Dachbegr\u00fcnungen"},"content":{"rendered":"\n[et_pb_section fb_built=&#8220;1&#8243; fullwidth=&#8220;on&#8220; _builder_version=&#8220;4.23.1&#8243; _module_preset=&#8220;default&#8220; min_height=&#8220;100%&#8220; height=&#8220;100%&#8220; max_height=&#8220;100%&#8220; global_colors_info=&#8220;{}&#8220;][et_pb_fullwidth_image src=&#8220;https:\/\/www.gruendach-technik.de\/gdt\/wp-content\/uploads\/2024\/03\/20210604_101007-GDT-Firmendach-600.jpg&#8220; title_text=&#8220;20210604_101007-GDT-Firmendach-600&#8243; _builder_version=&#8220;4.17.0&#8243; _module_preset=&#8220;default&#8220; min_height=&#8220;100%&#8220; height=&#8220;100%&#8220; max_height=&#8220;100%&#8220; hover_enabled=&#8220;0&#8243; box_shadow_style=&#8220;preset6&#8243; global_colors_info=&#8220;{}&#8220; sticky_enabled=&#8220;0&#8243;][\/et_pb_fullwidth_image][\/et_pb_section][et_pb_section fb_built=&#8220;1&#8243; inner_shadow=&#8220;on&#8220; _builder_version=&#8220;4.23.1&#8243; _module_preset=&#8220;default&#8220; width=&#8220;100%&#8220; max_width=&#8220;100%&#8220; custom_margin=&#8220;-20px|0px|-20px|0px|false|false&#8220; custom_padding=&#8220;0px|0px|0px|0px|false|false&#8220; global_colors_info=&#8220;{}&#8220;][et_pb_row use_custom_gutter=&#8220;on&#8220; _builder_version=&#8220;4.23.1&#8243; _module_preset=&#8220;default&#8220; min_height=&#8220;100%&#8220; height=&#8220;100%&#8220; max_height=&#8220;100%&#8220; custom_margin=&#8220;19px|auto||auto||&#8220; global_colors_info=&#8220;{}&#8220;][et_pb_column type=&#8220;4_4&#8243; _builder_version=&#8220;4.23.1&#8243; _module_preset=&#8220;default&#8220; global_colors_info=&#8220;{}&#8220;][et_pb_text _builder_version=&#8220;4.23.1&#8243; _module_preset=&#8220;default&#8220; header_font_size=&#8220;40px&#8220; custom_margin=&#8220;10px||-30px||false|false&#8220; custom_padding=&#8220;0px|||||&#8220; text_text_shadow_style=&#8220;preset3&#8243; text_text_shadow_color=&#8220;rgba(0,0,0,0.3)&#8220; global_colors_info=&#8220;{}&#8220;]<div id=\"main_content\">\n<article class=\"entry post clearfix\">\n<h1 class=\"main_title\"><strong>Intensive Dachbegr\u00fcnungen<\/strong><\/h1>\n<\/article>\n<\/div>[\/et_pb_text][\/et_pb_column][\/et_pb_row][et_pb_row column_structure=&#8220;1_3,1_3,1_3&#8243; use_custom_gutter=&#8220;on&#8220; _builder_version=&#8220;4.23.1&#8243; _module_preset=&#8220;default&#8220; min_height=&#8220;100%&#8220; height=&#8220;100%&#8220; max_height=&#8220;100%&#8220; custom_margin=&#8220;0px|auto||auto|false|false&#8220; global_colors_info=&#8220;{}&#8220;][et_pb_column type=&#8220;1_3&#8243; _builder_version=&#8220;4.23.1&#8243; _module_preset=&#8220;default&#8220; global_colors_info=&#8220;{}&#8220;][et_pb_image src=&#8220;https:\/\/www.gruendach-technik.de\/gdt\/wp-content\/uploads\/2024\/03\/Konstanz-Hofgarten-B-800.jpg&#8220; title_text=&#8220;Konstanz-Hofgarten-B-800&#8243; show_in_lightbox=&#8220;on&#8220; _builder_version=&#8220;4.17.0&#8243; _module_preset=&#8220;default&#8220; hover_enabled=&#8220;0&#8243; box_shadow_style=&#8220;preset1&#8243; global_colors_info=&#8220;{}&#8220; sticky_enabled=&#8220;0&#8243;][\/et_pb_image][\/et_pb_column][et_pb_column type=&#8220;1_3&#8243; _builder_version=&#8220;4.23.1&#8243; _module_preset=&#8220;default&#8220; global_colors_info=&#8220;{}&#8220;][et_pb_image src=&#8220;https:\/\/www.gruendach-technik.de\/gdt\/wp-content\/uploads\/2024\/03\/Dachgarten-Dachbegruenung-800.jpg&#8220; title_text=&#8220;Dachgarten-Dachbegr\u00fcnung-800&#8243; show_in_lightbox=&#8220;on&#8220; _builder_version=&#8220;4.17.0&#8243; _module_preset=&#8220;default&#8220; hover_enabled=&#8220;0&#8243; box_shadow_style=&#8220;preset1&#8243; global_colors_info=&#8220;{}&#8220; sticky_enabled=&#8220;0&#8243;][\/et_pb_image][\/et_pb_column][et_pb_column type=&#8220;1_3&#8243; _builder_version=&#8220;4.23.1&#8243; _module_preset=&#8220;default&#8220; global_colors_info=&#8220;{}&#8220;][et_pb_image src=&#8220;https:\/\/www.gruendach-technik.de\/gdt\/wp-content\/uploads\/2024\/03\/G_ppingen-LRA-2007-100621-800.jpg&#8220; title_text=&#8220;G_ppingen-LRA-2007-100621-800&#8243; show_in_lightbox=&#8220;on&#8220; _builder_version=&#8220;4.17.0&#8243; _module_preset=&#8220;default&#8220; hover_enabled=&#8220;0&#8243; box_shadow_style=&#8220;preset1&#8243; global_colors_info=&#8220;{}&#8220; sticky_enabled=&#8220;0&#8243;][\/et_pb_image][\/et_pb_column][\/et_pb_row][et_pb_row column_structure=&#8220;1_3,2_3&#8243; use_custom_gutter=&#8220;on&#8220; _builder_version=&#8220;4.23.1&#8243; _module_preset=&#8220;default&#8220; min_height=&#8220;100%&#8220; height=&#8220;100%&#8220; max_height=&#8220;100%&#8220; custom_margin=&#8220;19px|auto||auto||&#8220; global_colors_info=&#8220;{}&#8220;][et_pb_column type=&#8220;1_3&#8243; _builder_version=&#8220;4.23.1&#8243; _module_preset=&#8220;default&#8220; global_colors_info=&#8220;{}&#8220;][et_pb_image src=&#8220;https:\/\/www.gruendach-technik.de\/gdt\/wp-content\/uploads\/2015\/05\/a_sys2.gif&#8220; title_text=&#8220;a_sys2&#8243; _builder_version=&#8220;4.17.0&#8243; _module_preset=&#8220;default&#8220; hover_enabled=&#8220;0&#8243; global_colors_info=&#8220;{}&#8220; sticky_enabled=&#8220;0&#8243;][\/et_pb_image][\/et_pb_column][et_pb_column type=&#8220;2_3&#8243; _builder_version=&#8220;4.23.1&#8243; _module_preset=&#8220;default&#8220; global_colors_info=&#8220;{}&#8220;][et_pb_text _builder_version=&#8220;4.23.1&#8243; _module_preset=&#8220;default&#8220; global_colors_info=&#8220;{}&#8220;]<h2 style=\"box-sizing: border-box; margin: 0px; padding: 0px 0px 1em; border: 0px; outline: 0px; font-size: 15px; text-size-adjust: 100%; vertical-align: baseline; background: #ffffff; color: #020202; font-family: Arial, Helvetica, Arial, Lucida, sans-serif; font-style: normal; font-variant-ligatures: normal; font-variant-caps: normal; font-weight: 500; letter-spacing: normal; orphans: 2; text-align: left; text-indent: 0px; text-transform: none; widows: 2; word-spacing: 0px; -webkit-text-stroke-width: 0px; white-space: normal; text-decoration-thickness: initial; text-decoration-style: initial; text-decoration-color: initial;\"><span style=\"color: #008000;\"><strong>Der GDT Systemaufbau f\u00fcr intensive Dachbegr\u00fcnungen<\/strong><\/span><\/h2>\n<p style=\"box-sizing: border-box; margin: 0px; padding: 0px 0px 1em; border: 0px; outline: 0px; font-size: 15px; text-size-adjust: 100%; vertical-align: baseline; background: #ffffff; color: #020202; font-family: Arial, Helvetica, Arial, Lucida, sans-serif; font-style: normal; font-variant-ligatures: normal; font-variant-caps: normal; font-weight: 500; letter-spacing: normal; orphans: 2; text-align: left; text-indent: 0px; text-transform: none; widows: 2; word-spacing: 0px; -webkit-text-stroke-width: 0px; white-space: normal; text-decoration-thickness: initial; text-decoration-style: initial; text-decoration-color: initial;\">ist ein bew\u00e4hrter Schichtaufbau, der ein schnelles fl\u00e4chendeckendes Gr\u00fcn mit Langzeitwirkung auf dem Dach gew\u00e4hrleistet. Voraussetzung f\u00fcr die Verwendung des Aufbaus ist eine wurzelfeste Dachabdichtung und ein ausreichend tragf\u00e4higes Dach. Die Gewichte der einzelnen Aufbauten sind deshalb auf den Datenbl\u00e4ttern vermerkt. Als unterste Lage wird eine Schutz- und Speichermatte mit mind. 300 g \/ qm (z.B. GDT S 300) verlegt, um die Dachdichtung vor mechanischen Verletzungen zu sch\u00fctzen, zudem speichert sie Wasser und vor allem N\u00e4hrstoffe.<\/p>\n<p>F\u00fcr die Pflanzebene der Dachbegr\u00fcnung steht Ihnen eine reichhaltige Auswahl an Pflanzen zur Verf\u00fcgung, die in unterschiedlicher Kombination aus Sedum, Gr\u00e4sern und Kr\u00e4utern zusammengestellt werden k\u00f6nnen (z.B. GDT Typ Steinrosenflora. Ausgebracht werden kann das Sortiment als (Sprossen-) Aussaat, Anspritzbegr\u00fcnung, Flachballenpflanzung oder Vegetationsmatte. Die Vor- und Nachteile der einzelnen Aufbringungsarten sind auf den jeweiligen Datenbl\u00e4ttern vermerkt.<\/p>\n<p style=\"box-sizing: border-box; margin: 0px; padding: 0px 0px 1em; border: 0px; outline: 0px; font-size: 15px; text-size-adjust: 100%; vertical-align: baseline; background: #ffffff; color: #020202; font-family: Arial, Helvetica, Arial, Lucida, sans-serif; font-style: normal; font-variant-ligatures: normal; font-variant-caps: normal; font-weight: 500; letter-spacing: normal; orphans: 2; text-align: left; text-indent: 0px; text-transform: none; widows: 2; word-spacing: 0px; -webkit-text-stroke-width: 0px; white-space: normal; text-decoration-thickness: initial; text-decoration-style: initial; text-decoration-color: initial;\">Um ein fl\u00e4chendeckendes, schnelles Gr\u00fcn zu gew\u00e4hrleisten, bieten wir Ihnen gerne die Fertigstellungspflege der Dachfl\u00e4che, einschlie\u00dflich der Kiesstreifen an und bringen den Langzeitd\u00fcnger GDT Dachgr\u00fcn auf.<\/p>\n<p style=\"box-sizing: border-box; margin: 0px; padding: 0px 0px 1em; border: 0px; outline: 0px; font-size: 15px; text-size-adjust: 100%; vertical-align: baseline; background: #ffffff; color: #020202; font-family: Arial, Helvetica, Arial, Lucida, sans-serif; font-style: normal; font-variant-ligatures: normal; font-variant-caps: normal; font-weight: 500; letter-spacing: normal; orphans: 2; text-align: left; text-indent: 0px; text-transform: none; widows: 2; word-spacing: 0px; -webkit-text-stroke-width: 0px; white-space: normal; text-decoration-thickness: initial; text-decoration-style: initial; text-decoration-color: initial;\">F\u00fcr einen Schutz der Dachdichtung auf Dauer und eine bleibende Begr\u00fcnung, bieten wir au\u00dferdem eine Wartung der Dachfl\u00e4che nach der Fertigstellungspflege an. Da viele weitere Systemaufbauten m\u00f6glich sind, mit unterschiedlichen Eigenschaften, z.B. Aufbauten f\u00fcr Umkehrd\u00e4cher, Schr\u00e4gd\u00e4cher, Systemaufbau mit Sch\u00fcttdr\u00e4nage, u.a. erstellen wir Ihnen gerne ein objektbezogenes Angebot.<\/p>[\/et_pb_text][\/et_pb_column][\/et_pb_row][et_pb_row column_structure=&#8220;1_3,1_3,1_3&#8243; _builder_version=&#8220;4.23.1&#8243; _module_preset=&#8220;default&#8220; global_colors_info=&#8220;{}&#8220;][et_pb_column type=&#8220;1_3&#8243; _builder_version=&#8220;4.23.1&#8243; _module_preset=&#8220;default&#8220; global_colors_info=&#8220;{}&#8220;][et_pb_image src=&#8220;https:\/\/www.gruendach-technik.de\/gdt\/wp-content\/uploads\/2024\/03\/Allensbach-3-800.jpg&#8220; title_text=&#8220;Allensbach-3-800&#8243; show_in_lightbox=&#8220;on&#8220; align=&#8220;center&#8220; force_fullwidth=&#8220;on&#8220; _builder_version=&#8220;4.17.0&#8243; _module_preset=&#8220;default&#8220; hover_enabled=&#8220;0&#8243; box_shadow_style=&#8220;preset1&#8243; global_colors_info=&#8220;{}&#8220; sticky_enabled=&#8220;0&#8243;][\/et_pb_image][\/et_pb_column][et_pb_column type=&#8220;1_3&#8243; _builder_version=&#8220;4.23.1&#8243; _module_preset=&#8220;default&#8220; global_colors_info=&#8220;{}&#8220;][et_pb_image src=&#8220;https:\/\/www.gruendach-technik.de\/gdt\/wp-content\/uploads\/2024\/03\/Dachterrasse_01_17099-800.jpg&#8220; title_text=&#8220;Dachterrasse_01_17099-800&#8243; show_in_lightbox=&#8220;on&#8220; _builder_version=&#8220;4.17.0&#8243; _module_preset=&#8220;default&#8220; hover_enabled=&#8220;0&#8243; box_shadow_style=&#8220;preset1&#8243; global_colors_info=&#8220;{}&#8220; sticky_enabled=&#8220;0&#8243;][\/et_pb_image][\/et_pb_column][et_pb_column type=&#8220;1_3&#8243; _builder_version=&#8220;4.23.1&#8243; _module_preset=&#8220;default&#8220; global_colors_info=&#8220;{}&#8220;][et_pb_image src=&#8220;https:\/\/www.gruendach-technik.de\/gdt\/wp-content\/uploads\/2024\/03\/10_1_holzplanken-800.jpg&#8220; title_text=&#8220;10_1_holzplanken-800&#8243; show_in_lightbox=&#8220;on&#8220; _builder_version=&#8220;4.17.0&#8243; _module_preset=&#8220;default&#8220; hover_enabled=&#8220;0&#8243; box_shadow_style=&#8220;preset1&#8243; global_colors_info=&#8220;{}&#8220; sticky_enabled=&#8220;0&#8243;][\/et_pb_image][\/et_pb_column][\/et_pb_row][\/et_pb_section]\n","protected":false},"excerpt":{"rendered":"<p>Intensive Dachbegr\u00fcnungen Der GDT Systemaufbau f\u00fcr intensive Dachbegr\u00fcnungen ist ein bew\u00e4hrter Schichtaufbau, der ein schnelles fl\u00e4chendeckendes Gr\u00fcn mit Langzeitwirkung auf dem Dach gew\u00e4hrleistet. Voraussetzung f\u00fcr die Verwendung des Aufbaus ist eine wurzelfeste Dachabdichtung und ein ausreichend tragf\u00e4higes Dach. Die Gewichte der einzelnen Aufbauten sind deshalb auf den Datenbl\u00e4ttern vermerkt. Als unterste Lage wird eine Schutz- [&hellip;]<\/p>\n","protected":false},"author":1,"featured_media":2443,"parent":0,"menu_order":0,"comment_status":"closed","ping_status":"closed","template":"","meta":{"_et_pb_use_builder":"on","_et_pb_old_content":"","_et_gb_content_width":"","footnotes":""},"class_list":["post-2028","page","type-page","status-publish","has-post-thumbnail","hentry"],"yoast_head":"<!-- This site is optimized with the Yoast SEO Premium plugin v22.1 (Yoast SEO v22.1) - https:\/\/yoast.com\/wordpress\/plugins\/seo\/ -->\n<title>GDT Gr\u00fcndachtechnik GmbH | Intensive Dachbegr\u00fcnungen<\/title>\n<meta name=\"description\" content=\"Intensive Dachbegr\u00fcnungen, GDT Systemaufbau f\u00fcr intensive Dachbegr\u00fcnungen ist ein bew\u00e4hrter Schichtaufbau f\u00fcr schnelles fl\u00e4chendeckendes Gr\u00fcn\" \/>\n<meta name=\"robots\" content=\"index, follow, max-snippet:-1, max-image-preview:large, max-video-preview:-1\" \/>\n<link rel=\"canonical\" href=\"https:\/\/www.gruendach-technik.de\/gdt\/intensive-dachbegruenungen\/\" \/>\n<meta property=\"og:locale\" content=\"de_DE\" \/>\n<meta property=\"og:type\" content=\"article\" \/>\n<meta property=\"og:title\" content=\"Intensive Dachbegr\u00fcnungen\" \/>\n<meta property=\"og:description\" content=\"Intensive Dachbegr\u00fcnungen, GDT Systemaufbau f\u00fcr intensive Dachbegr\u00fcnungen ist ein bew\u00e4hrter Schichtaufbau f\u00fcr schnelles fl\u00e4chendeckendes Gr\u00fcn\" \/>\n<meta property=\"og:url\" content=\"https:\/\/www.gruendach-technik.de\/gdt\/intensive-dachbegruenungen\/\" \/>\n<meta property=\"og:site_name\" content=\"GDT Gr\u00fcndachtechnik GmbH\" \/>\n<meta property=\"article:modified_time\" content=\"2024-08-22T19:11:17+00:00\" \/>\n<meta property=\"og:image\" content=\"https:\/\/www.gruendach-technik.de\/gdt\/wp-content\/uploads\/2024\/03\/20210604_101007-GDT-Firmendach-600.jpg\" \/>\n\t<meta property=\"og:image:width\" content=\"1200\" \/>\n\t<meta property=\"og:image:height\" content=\"600\" \/>\n\t<meta property=\"og:image:type\" content=\"image\/jpeg\" \/>\n<meta name=\"twitter:card\" content=\"summary_large_image\" \/>\n<meta name=\"twitter:label1\" content=\"Gesch\u00e4tzte Lesezeit\" \/>\n\t<meta name=\"twitter:data1\" content=\"3\u00a0Minuten\" \/>\n<script type=\"application\/ld+json\" class=\"yoast-schema-graph\">{\"@context\":\"https:\/\/schema.org\",\"@graph\":[{\"@type\":\"WebPage\",\"@id\":\"https:\/\/www.gruendach-technik.de\/gdt\/intensive-dachbegruenungen\/\",\"url\":\"https:\/\/www.gruendach-technik.de\/gdt\/intensive-dachbegruenungen\/\",\"name\":\"GDT Gr\u00fcndachtechnik GmbH | Intensive Dachbegr\u00fcnungen\",\"isPartOf\":{\"@id\":\"https:\/\/www.gruendach-technik.de\/gdt\/#website\"},\"datePublished\":\"2024-02-10T18:13:18+00:00\",\"dateModified\":\"2024-08-22T19:11:17+00:00\",\"description\":\"Intensive Dachbegr\u00fcnungen, GDT Systemaufbau f\u00fcr intensive Dachbegr\u00fcnungen ist ein bew\u00e4hrter Schichtaufbau f\u00fcr schnelles fl\u00e4chendeckendes Gr\u00fcn\",\"breadcrumb\":{\"@id\":\"https:\/\/www.gruendach-technik.de\/gdt\/intensive-dachbegruenungen\/#breadcrumb\"},\"inLanguage\":\"de\",\"potentialAction\":[{\"@type\":\"ReadAction\",\"target\":[\"https:\/\/www.gruendach-technik.de\/gdt\/intensive-dachbegruenungen\/\"]}]},{\"@type\":\"BreadcrumbList\",\"@id\":\"https:\/\/www.gruendach-technik.de\/gdt\/intensive-dachbegruenungen\/#breadcrumb\",\"itemListElement\":[{\"@type\":\"ListItem\",\"position\":1,\"name\":\"Startseite\",\"item\":\"https:\/\/www.gruendach-technik.de\/gdt\/\"},{\"@type\":\"ListItem\",\"position\":2,\"name\":\"Intensive Dachbegr\u00fcnungen\"}]},{\"@type\":\"WebSite\",\"@id\":\"https:\/\/www.gruendach-technik.de\/gdt\/#website\",\"url\":\"https:\/\/www.gruendach-technik.de\/gdt\/\",\"name\":\"GDT Gr\u00fcndachtechnik GmbH\",\"description\":\"Dachbegr\u00fcnungen, Ihr Partner f\u00fcr gr\u00fcne D\u00e4cher\",\"publisher\":{\"@id\":\"https:\/\/www.gruendach-technik.de\/gdt\/#organization\"},\"alternateName\":\"GDT - Ihr Partner f\u00fcr gr\u00fcne D\u00e4cher\",\"potentialAction\":[{\"@type\":\"SearchAction\",\"target\":{\"@type\":\"EntryPoint\",\"urlTemplate\":\"https:\/\/www.gruendach-technik.de\/gdt\/?s={search_term_string}\"},\"query-input\":\"required name=search_term_string\"}],\"inLanguage\":\"de\"},{\"@type\":\"Organization\",\"@id\":\"https:\/\/www.gruendach-technik.de\/gdt\/#organization\",\"name\":\"GDT Gr\u00fcndachtechnik GmbH\",\"url\":\"https:\/\/www.gruendach-technik.de\/gdt\/\",\"logo\":{\"@type\":\"ImageObject\",\"inLanguage\":\"de\",\"@id\":\"https:\/\/www.gruendach-technik.de\/gdt\/#\/schema\/logo\/image\/\",\"url\":\"https:\/\/www.gruendach-technik.de\/gdt\/wp-content\/uploads\/2024\/01\/GDT-Gruendachtechnik-Ihr-Partner-fuer-gruene-Daecher_3.jpg\",\"contentUrl\":\"https:\/\/www.gruendach-technik.de\/gdt\/wp-content\/uploads\/2024\/01\/GDT-Gruendachtechnik-Ihr-Partner-fuer-gruene-Daecher_3.jpg\",\"width\":1230,\"height\":506,\"caption\":\"GDT Gr\u00fcndachtechnik GmbH\"},\"image\":{\"@id\":\"https:\/\/www.gruendach-technik.de\/gdt\/#\/schema\/logo\/image\/\"}}]}<\/script>\n<!-- \/ Yoast SEO Premium plugin. -->","yoast_head_json":{"title":"GDT Gr\u00fcndachtechnik GmbH | Intensive Dachbegr\u00fcnungen","description":"Intensive Dachbegr\u00fcnungen, GDT Systemaufbau f\u00fcr intensive Dachbegr\u00fcnungen ist ein bew\u00e4hrter Schichtaufbau f\u00fcr schnelles fl\u00e4chendeckendes Gr\u00fcn","robots":{"index":"index","follow":"follow","max-snippet":"max-snippet:-1","max-image-preview":"max-image-preview:large","max-video-preview":"max-video-preview:-1"},"canonical":"https:\/\/www.gruendach-technik.de\/gdt\/intensive-dachbegruenungen\/","og_locale":"de_DE","og_type":"article","og_title":"Intensive Dachbegr\u00fcnungen","og_description":"Intensive Dachbegr\u00fcnungen, GDT Systemaufbau f\u00fcr intensive Dachbegr\u00fcnungen ist ein bew\u00e4hrter Schichtaufbau f\u00fcr schnelles fl\u00e4chendeckendes Gr\u00fcn","og_url":"https:\/\/www.gruendach-technik.de\/gdt\/intensive-dachbegruenungen\/","og_site_name":"GDT Gr\u00fcndachtechnik GmbH","article_modified_time":"2024-08-22T19:11:17+00:00","og_image":[{"width":1200,"height":600,"url":"https:\/\/www.gruendach-technik.de\/gdt\/wp-content\/uploads\/2024\/03\/20210604_101007-GDT-Firmendach-600.jpg","type":"image\/jpeg"}],"twitter_card":"summary_large_image","twitter_misc":{"Gesch\u00e4tzte Lesezeit":"3\u00a0Minuten"},"schema":{"@context":"https:\/\/schema.org","@graph":[{"@type":"WebPage","@id":"https:\/\/www.gruendach-technik.de\/gdt\/intensive-dachbegruenungen\/","url":"https:\/\/www.gruendach-technik.de\/gdt\/intensive-dachbegruenungen\/","name":"GDT Gr\u00fcndachtechnik GmbH | Intensive Dachbegr\u00fcnungen","isPartOf":{"@id":"https:\/\/www.gruendach-technik.de\/gdt\/#website"},"datePublished":"2024-02-10T18:13:18+00:00","dateModified":"2024-08-22T19:11:17+00:00","description":"Intensive Dachbegr\u00fcnungen, GDT Systemaufbau f\u00fcr intensive Dachbegr\u00fcnungen ist ein bew\u00e4hrter Schichtaufbau f\u00fcr schnelles fl\u00e4chendeckendes Gr\u00fcn","breadcrumb":{"@id":"https:\/\/www.gruendach-technik.de\/gdt\/intensive-dachbegruenungen\/#breadcrumb"},"inLanguage":"de","potentialAction":[{"@type":"ReadAction","target":["https:\/\/www.gruendach-technik.de\/gdt\/intensive-dachbegruenungen\/"]}]},{"@type":"BreadcrumbList","@id":"https:\/\/www.gruendach-technik.de\/gdt\/intensive-dachbegruenungen\/#breadcrumb","itemListElement":[{"@type":"ListItem","position":1,"name":"Startseite","item":"https:\/\/www.gruendach-technik.de\/gdt\/"},{"@type":"ListItem","position":2,"name":"Intensive Dachbegr\u00fcnungen"}]},{"@type":"WebSite","@id":"https:\/\/www.gruendach-technik.de\/gdt\/#website","url":"https:\/\/www.gruendach-technik.de\/gdt\/","name":"GDT Gr\u00fcndachtechnik GmbH","description":"Dachbegr\u00fcnungen, Ihr Partner f\u00fcr gr\u00fcne D\u00e4cher","publisher":{"@id":"https:\/\/www.gruendach-technik.de\/gdt\/#organization"},"alternateName":"GDT - Ihr Partner f\u00fcr gr\u00fcne D\u00e4cher","potentialAction":[{"@type":"SearchAction","target":{"@type":"EntryPoint","urlTemplate":"https:\/\/www.gruendach-technik.de\/gdt\/?s={search_term_string}"},"query-input":"required name=search_term_string"}],"inLanguage":"de"},{"@type":"Organization","@id":"https:\/\/www.gruendach-technik.de\/gdt\/#organization","name":"GDT Gr\u00fcndachtechnik GmbH","url":"https:\/\/www.gruendach-technik.de\/gdt\/","logo":{"@type":"ImageObject","inLanguage":"de","@id":"https:\/\/www.gruendach-technik.de\/gdt\/#\/schema\/logo\/image\/","url":"https:\/\/www.gruendach-technik.de\/gdt\/wp-content\/uploads\/2024\/01\/GDT-Gruendachtechnik-Ihr-Partner-fuer-gruene-Daecher_3.jpg","contentUrl":"https:\/\/www.gruendach-technik.de\/gdt\/wp-content\/uploads\/2024\/01\/GDT-Gruendachtechnik-Ihr-Partner-fuer-gruene-Daecher_3.jpg","width":1230,"height":506,"caption":"GDT Gr\u00fcndachtechnik GmbH"},"image":{"@id":"https:\/\/www.gruendach-technik.de\/gdt\/#\/schema\/logo\/image\/"}}]}},"_links":{"self":[{"href":"https:\/\/www.gruendach-technik.de\/gdt\/wp-json\/wp\/v2\/pages\/2028","targetHints":{"allow":["GET"]}}],"collection":[{"href":"https:\/\/www.gruendach-technik.de\/gdt\/wp-json\/wp\/v2\/pages"}],"about":[{"href":"https:\/\/www.gruendach-technik.de\/gdt\/wp-json\/wp\/v2\/types\/page"}],"author":[{"embeddable":true,"href":"https:\/\/www.gruendach-technik.de\/gdt\/wp-json\/wp\/v2\/users\/1"}],"replies":[{"embeddable":true,"href":"https:\/\/www.gruendach-technik.de\/gdt\/wp-json\/wp\/v2\/comments?post=2028"}],"version-history":[{"count":2,"href":"https:\/\/www.gruendach-technik.de\/gdt\/wp-json\/wp\/v2\/pages\/2028\/revisions"}],"predecessor-version":[{"id":2969,"href":"https:\/\/www.gruendach-technik.de\/gdt\/wp-json\/wp\/v2\/pages\/2028\/revisions\/2969"}],"wp:featuredmedia":[{"embeddable":true,"href":"https:\/\/www.gruendach-technik.de\/gdt\/wp-json\/wp\/v2\/media\/2443"}],"wp:attachment":[{"href":"https:\/\/www.gruendach-technik.de\/gdt\/wp-json\/wp\/v2\/media?parent=2028"}],"curies":[{"name":"wp","href":"https:\/\/api.w.org\/{rel}","templated":true}]}}