{"id":1908,"date":"2024-02-02T14:18:53","date_gmt":"2024-02-02T14:18:53","guid":{"rendered":"https:\/\/www.gruendach-technik.de\/wp4\/?page_id=1908"},"modified":"2024-07-15T16:59:40","modified_gmt":"2024-07-15T14:59:40","slug":"pflanzeneinbringungsarten","status":"publish","type":"page","link":"https:\/\/www.gruendach-technik.de\/gdt\/pflanzeneinbringungsarten\/","title":{"rendered":"Vegetation und Pflanzeneinbringung"},"content":{"rendered":"<p>[et_pb_section fb_built=&#8220;1&#8243; fullwidth=&#8220;on&#8220; _builder_version=&#8220;4.23.1&#8243; _module_preset=&#8220;default&#8220; global_colors_info=&#8220;{}&#8220;][et_pb_fullwidth_image src=&#8220;https:\/\/www.gruendach-technik.de\/gdt\/wp-content\/uploads\/2024\/03\/Seelaender-Areal-Herrenberg-2022-016-600.jpg&#8220; title_text=&#8220;Seel\u00e4nder-Areal-Herrenberg-2022-016-600&#8243; _builder_version=&#8220;4.17.0&#8243; _module_preset=&#8220;default&#8220; hover_enabled=&#8220;0&#8243; box_shadow_style=&#8220;preset6&#8243; global_colors_info=&#8220;{}&#8220; sticky_enabled=&#8220;0&#8243;][\/et_pb_fullwidth_image][\/et_pb_section][et_pb_section fb_built=&#8220;1&#8243; inner_shadow=&#8220;on&#8220; _builder_version=&#8220;4.23.1&#8243; _module_preset=&#8220;default&#8220; width=&#8220;100%&#8220; max_width=&#8220;100%&#8220; custom_margin=&#8220;0px|0px|0px|0px|false|false&#8220; custom_padding=&#8220;0px|0px|0px|0px|false|false&#8220; global_colors_info=&#8220;{}&#8220;][et_pb_row use_custom_gutter=&#8220;on&#8220; _builder_version=&#8220;4.23.1&#8243; _module_preset=&#8220;default&#8220; min_height=&#8220;100%&#8220; height=&#8220;100%&#8220; max_height=&#8220;100%&#8220; global_colors_info=&#8220;{}&#8220;][et_pb_column type=&#8220;4_4&#8243; _builder_version=&#8220;4.23.1&#8243; _module_preset=&#8220;default&#8220; global_colors_info=&#8220;{}&#8220;][et_pb_text _builder_version=&#8220;4.23.1&#8243; _module_preset=&#8220;default&#8220; header_font_size=&#8220;40px&#8220; custom_margin=&#8220;10px||-30px||false|false&#8220; header_text_shadow_style=&#8220;preset1&#8243; header_text_shadow_horizontal_length=&#8220;0.04em&#8220; header_text_shadow_blur_strength=&#8220;0.16em&#8220; header_text_shadow_color=&#8220;rgba(107,107,107,0.4)&#8220; global_colors_info=&#8220;{}&#8220;]<\/p>\n<div id=\"main_content\">\n<article class=\"entry post clearfix\">\n<h1 class=\"main_title\"><strong>Vegetation und Pflanzeneinbringung<\/strong><\/h1>\n<\/article>\n<\/div>\n<p>[\/et_pb_text][\/et_pb_column][\/et_pb_row][et_pb_row column_structure=&#8220;1_3,1_3,1_3&#8243; _builder_version=&#8220;4.23.1&#8243; _module_preset=&#8220;default&#8220; global_colors_info=&#8220;{}&#8220;][et_pb_column type=&#8220;1_3&#8243; _builder_version=&#8220;4.23.1&#8243; _module_preset=&#8220;default&#8220; global_colors_info=&#8220;{}&#8220;][et_pb_image src=&#8220;https:\/\/www.gruendach-technik.de\/gdt\/wp-content\/uploads\/2024\/03\/DIAMALT-DSC02805-800-1.jpg&#8220; title_text=&#8220;DIAMALT-DSC02805-800&#8243; show_in_lightbox=&#8220;on&#8220; _builder_version=&#8220;4.17.0&#8243; _module_preset=&#8220;default&#8220; hover_enabled=&#8220;0&#8243; box_shadow_style=&#8220;preset1&#8243; global_colors_info=&#8220;{}&#8220; sticky_enabled=&#8220;0&#8243;][\/et_pb_image][\/et_pb_column][et_pb_column type=&#8220;1_3&#8243; _builder_version=&#8220;4.23.1&#8243; _module_preset=&#8220;default&#8220; global_colors_info=&#8220;{}&#8220;][et_pb_image src=&#8220;https:\/\/www.gruendach-technik.de\/gdt\/wp-content\/uploads\/2024\/03\/10_1_holzplanken-800.jpg&#8220; title_text=&#8220;10_1_holzplanken-800&#8243; show_in_lightbox=&#8220;on&#8220; _builder_version=&#8220;4.17.0&#8243; _module_preset=&#8220;default&#8220; hover_enabled=&#8220;0&#8243; box_shadow_style=&#8220;preset1&#8243; global_colors_info=&#8220;{}&#8220; sticky_enabled=&#8220;0&#8243;][\/et_pb_image][\/et_pb_column][et_pb_column type=&#8220;1_3&#8243; _builder_version=&#8220;4.23.1&#8243; _module_preset=&#8220;default&#8220; global_colors_info=&#8220;{}&#8220;][et_pb_image src=&#8220;https:\/\/www.gruendach-technik.de\/gdt\/wp-content\/uploads\/2024\/03\/Dachterrasse_01_17099-800.jpg&#8220; title_text=&#8220;Dachterrasse_01_17099-800&#8243; show_in_lightbox=&#8220;on&#8220; _builder_version=&#8220;4.17.0&#8243; _module_preset=&#8220;default&#8220; hover_enabled=&#8220;0&#8243; box_shadow_style=&#8220;preset1&#8243; global_colors_info=&#8220;{}&#8220; sticky_enabled=&#8220;0&#8243;][\/et_pb_image][\/et_pb_column][\/et_pb_row][et_pb_row _builder_version=&#8220;4.23.1&#8243; _module_preset=&#8220;default&#8220; global_colors_info=&#8220;{}&#8220;][et_pb_column type=&#8220;4_4&#8243; _builder_version=&#8220;4.23.1&#8243; _module_preset=&#8220;default&#8220; global_colors_info=&#8220;{}&#8220;][et_pb_text _builder_version=&#8220;4.23.1&#8243; _module_preset=&#8220;default&#8220; custom_padding=&#8220;||0px|||&#8220; global_colors_info=&#8220;{}&#8220;]<\/p>\n<h2><strong>Vegetation<\/strong><\/h2>\n<ul>\n<li>Die Vegetation oder Pflanzschicht bei einer Dachbegr\u00fcnung kann je nach technischem Aufbau, Schichtdicken des Substrats und die Pflanzenauswahl sehr unterschiedlich sein.<\/li>\n<li>Geringe Substrath\u00f6hen erm\u00f6glichen eine Extensivbegr\u00fcnung.<\/li>\n<li>M\u00f6gliche Pflanzm\u00f6glichkeiten mit Sedum\/ Kr\u00e4uter und Gr\u00e4sern sind m\u00f6glich.<\/li>\n<li>Neben bew\u00e4hrten Dachbegr\u00fcnungsmischungen wie z. B. Sedumteppich, Kr\u00e4uterbl\u00fctenflor und Kr\u00e4uterwiese, k\u00f6nnen heimische Pflanzen, W\u00fcnsche an Bl\u00fchfarben und gestalterische Anordnungen, Pflanzen f\u00fcr Schattenbereiche gew\u00e4hlt werden.<\/li>\n<li>Hohe Substrath\u00f6hen erm\u00f6glichen eine Intensivbegr\u00fcnung.<\/li>\n<li>Mit R\u00fccksicht auf die Lage, Exposition und Substratschichtdicke k\u00f6nnen hier Garten- und Parklandschaften gestaltet werden.<\/li>\n<\/ul>\n<p>&nbsp;<\/p>\n<h2><strong>Pflanzeneinbringung<\/strong><\/h2>\n<h3><span style=\"color: #808080;\"><strong>Allgemeine Hinweise<\/strong><\/span><\/h3>\n<p>Die Pflanzeneinbringung bei extensiven Dachbegr\u00fcnungen kann je nach Dachfl\u00e4che und Anforderungen mit\u00a0unterschiedlichen Methoden erfolgen:<\/p>\n<h3><strong><\/strong><\/h3>\n<h3><strong>1. Pflanzung<\/strong><\/h3>\n<p>F\u00fcr die extensive Begr\u00fcnung werden geeignete Pflanzen in speziellen Anzuchtplatten und mineralreichen Substraten\u00a0im Freiland vorgezogen. Diese Pflanzen haben einen flachen Wurzelballen und eignen sich daher auch f\u00fcr d\u00fcnnschichtige\u00a0Vegetationsschichten.\u00a0Die Pflanzung von Flachballenpflanzen erm\u00f6glicht eine Gestaltung der Dachfl\u00e4che und ist bei\u00a0ausreichender Bew\u00e4sserung w\u00e4hrend der ganzen Vegetationszeit m\u00f6glich.<\/p>\n<p>&nbsp;<\/p>\n<h3><strong>2. Aussaat<\/strong><\/h3>\n<p>Die Aussaat von Sedum-Sprossen und\/oder Kr\u00e4uter- und Gr\u00e4sersamen eignet sich f\u00fcr gro\u00dfe Dachfl\u00e4chen. Die\u00a0Trockenaussaat erfolgt i.d.R. von Hand, Na\u00dfansaaten (Anspritzbegr\u00fcnungen) mit speziellen Maschinen. Sedum-Sprossen\u00a0sind Stecklinge von im Freiland kultivierten Mutterpflanzen,<br \/>die im Fr\u00fchjahr und Herbst geernet werden k\u00f6nnen. Aus\u00a0diesem Grund und wegen des hohen Bew\u00e4sserungsaufwandes im Sommer sind Aussaaten auf Fr\u00fchjahr und Herbst\u00a0beschr\u00e4nkt.\u00a0F\u00fcr Aussaaten ist eine organische N\u00e4hr- und Wachstumsschicht von 1-2 cm notwendig.<\/p>\n<p>&nbsp;<\/p>\n<h3><strong>3. Vegetationsmatten<\/strong><\/h3>\n<p>Bei Vegetationsmatten handelt es sich um Tr\u00e4germatten unterschiedlichen Materials, die mit verschiedenen Sedum-,\u00a0Kr\u00e4uter- und Gr\u00e4serarten<br \/>im Freiland vorkultiviert werden.<\/p>\n<p>&nbsp;<\/p>\n<h3><strong>Durchf\u00fchrung Aussaat<\/strong><\/h3>\n<p>\u00bb Bedarf: ca. 40-60 g Sprossen\/m\u00b2<br \/>\u00bb oder ca. 2-5 g Samen\/m\u00b2<br \/>\u00bb oder ca. 30 g Sprossen\/m\u00b2<br \/>\u00bb + 1 g Samen\/m\u00b2<br \/>\u00bb Substrat einebnen bzw. vorhandenes Substrat auflockern<\/p>\n<p>&nbsp;<\/p>\n<h3><strong>Trockenaussaat<\/strong><\/h3>\n<p>\u00bb Sprossen und\/oder Samen gleichm\u00e4\u00dfig auf der Fl\u00e4che auss\u00e4en; Samen kann zur besseren Verteilung z. B. mit Sand vermischt werden<br \/>\u00bb Aussaat anwalzen oder bei kleineren Fl\u00e4chen einrechen<br \/>\u00bb Aussaaten durchdringend w\u00e4ssern<\/p>\n<p>&nbsp;<\/p>\n<p>[\/et_pb_text][\/et_pb_column][\/et_pb_row][et_pb_row column_structure=&#8220;1_3,1_3,1_3&#8243; _builder_version=&#8220;4.23.1&#8243; _module_preset=&#8220;default&#8220; global_colors_info=&#8220;{}&#8220;][et_pb_column type=&#8220;1_3&#8243; _builder_version=&#8220;4.23.1&#8243; _module_preset=&#8220;default&#8220; global_colors_info=&#8220;{}&#8220;][et_pb_image src=&#8220;https:\/\/www.gruendach-technik.de\/gdt\/wp-content\/uploads\/2024\/03\/Konstanz-Hofgarten-B-800.jpg&#8220; title_text=&#8220;Konstanz-Hofgarten-B-800&#8243; show_in_lightbox=&#8220;on&#8220; _builder_version=&#8220;4.17.0&#8243; _module_preset=&#8220;default&#8220; hover_enabled=&#8220;0&#8243; box_shadow_style=&#8220;preset1&#8243; global_colors_info=&#8220;{}&#8220; sticky_enabled=&#8220;0&#8243;][\/et_pb_image][\/et_pb_column][et_pb_column type=&#8220;1_3&#8243; _builder_version=&#8220;4.23.1&#8243; _module_preset=&#8220;default&#8220; global_colors_info=&#8220;{}&#8220;][et_pb_image src=&#8220;https:\/\/www.gruendach-technik.de\/gdt\/wp-content\/uploads\/2024\/03\/Abstatt-Bosch-5-800.jpg&#8220; title_text=&#8220;Abstatt-Bosch-5-800&#8243; show_in_lightbox=&#8220;on&#8220; _builder_version=&#8220;4.17.0&#8243; _module_preset=&#8220;default&#8220; hover_enabled=&#8220;0&#8243; box_shadow_style=&#8220;preset1&#8243; global_colors_info=&#8220;{}&#8220; sticky_enabled=&#8220;0&#8243;][\/et_pb_image][\/et_pb_column][et_pb_column type=&#8220;1_3&#8243; _builder_version=&#8220;4.23.1&#8243; _module_preset=&#8220;default&#8220; global_colors_info=&#8220;{}&#8220;][et_pb_image src=&#8220;https:\/\/www.gruendach-technik.de\/gdt\/wp-content\/uploads\/2024\/03\/POZ-DSC02543-800.jpg&#8220; title_text=&#8220;POZ-DSC02543-800&#8243; show_in_lightbox=&#8220;on&#8220; _builder_version=&#8220;4.17.0&#8243; _module_preset=&#8220;default&#8220; hover_enabled=&#8220;0&#8243; box_shadow_style=&#8220;preset1&#8243; global_colors_info=&#8220;{}&#8220; sticky_enabled=&#8220;0&#8243;][\/et_pb_image][\/et_pb_column][\/et_pb_row][\/et_pb_section]<\/p>\n","protected":false},"excerpt":{"rendered":"<p>Vegetation und Pflanzeneinbringung Vegetation Die Vegetation oder Pflanzschicht bei einer Dachbegr\u00fcnung kann je nach technischem Aufbau, Schichtdicken des Substrats und die Pflanzenauswahl sehr unterschiedlich sein. Geringe Substrath\u00f6hen erm\u00f6glichen eine Extensivbegr\u00fcnung. M\u00f6gliche Pflanzm\u00f6glichkeiten mit Sedum\/ Kr\u00e4uter und Gr\u00e4sern sind m\u00f6glich. Neben bew\u00e4hrten Dachbegr\u00fcnungsmischungen wie z. B. Sedumteppich, Kr\u00e4uterbl\u00fctenflor und Kr\u00e4uterwiese, k\u00f6nnen heimische Pflanzen, W\u00fcnsche an Bl\u00fchfarben [&hellip;]<\/p>\n","protected":false},"author":1,"featured_media":0,"parent":0,"menu_order":0,"comment_status":"closed","ping_status":"closed","template":"","meta":{"_et_pb_use_builder":"on","_et_pb_old_content":"","_et_gb_content_width":"","footnotes":""},"class_list":["post-1908","page","type-page","status-publish","hentry"],"yoast_head":"<!-- This site is optimized with the Yoast SEO Premium plugin v22.1 (Yoast SEO v22.1) - https:\/\/yoast.com\/wordpress\/plugins\/seo\/ -->\n<title>Vegetation und Pflanzeneinbringung - GDT Gr\u00fcndachtechnik GmbH<\/title>\n<meta name=\"robots\" content=\"index, follow, max-snippet:-1, max-image-preview:large, max-video-preview:-1\" \/>\n<link rel=\"canonical\" href=\"https:\/\/www.gruendach-technik.de\/gdt\/pflanzeneinbringungsarten\/\" \/>\n<meta property=\"og:locale\" content=\"de_DE\" \/>\n<meta property=\"og:type\" content=\"article\" \/>\n<meta property=\"og:title\" content=\"Vegetation und Pflanzeneinbringung\" \/>\n<meta property=\"og:description\" content=\"Vegetation und Pflanzeneinbringung Vegetation Die Vegetation oder Pflanzschicht bei einer Dachbegr\u00fcnung kann je nach technischem Aufbau, Schichtdicken des Substrats und die Pflanzenauswahl sehr unterschiedlich sein. Geringe Substrath\u00f6hen erm\u00f6glichen eine Extensivbegr\u00fcnung. M\u00f6gliche Pflanzm\u00f6glichkeiten mit Sedum\/ Kr\u00e4uter und Gr\u00e4sern sind m\u00f6glich. Neben bew\u00e4hrten Dachbegr\u00fcnungsmischungen wie z. B. Sedumteppich, Kr\u00e4uterbl\u00fctenflor und Kr\u00e4uterwiese, k\u00f6nnen heimische Pflanzen, W\u00fcnsche an Bl\u00fchfarben [&hellip;]\" \/>\n<meta property=\"og:url\" content=\"https:\/\/www.gruendach-technik.de\/gdt\/pflanzeneinbringungsarten\/\" \/>\n<meta property=\"og:site_name\" content=\"GDT Gr\u00fcndachtechnik GmbH\" \/>\n<meta property=\"article:modified_time\" content=\"2024-07-15T14:59:40+00:00\" \/>\n<meta property=\"og:image\" content=\"https:\/\/www.gruendach-technik.de\/gdt\/wp-content\/uploads\/2024\/03\/G_ppingen-LRA-2007-100621-800.jpg\" \/>\n\t<meta property=\"og:image:width\" content=\"1200\" \/>\n\t<meta property=\"og:image:height\" content=\"800\" \/>\n\t<meta property=\"og:image:type\" content=\"image\/jpeg\" \/>\n<meta name=\"twitter:card\" content=\"summary_large_image\" \/>\n<meta name=\"twitter:label1\" content=\"Gesch\u00e4tzte Lesezeit\" \/>\n\t<meta name=\"twitter:data1\" content=\"5\u00a0Minuten\" \/>\n<script type=\"application\/ld+json\" class=\"yoast-schema-graph\">{\"@context\":\"https:\/\/schema.org\",\"@graph\":[{\"@type\":\"WebPage\",\"@id\":\"https:\/\/www.gruendach-technik.de\/gdt\/pflanzeneinbringungsarten\/\",\"url\":\"https:\/\/www.gruendach-technik.de\/gdt\/pflanzeneinbringungsarten\/\",\"name\":\"Vegetation und Pflanzeneinbringung - GDT Gr\u00fcndachtechnik GmbH\",\"isPartOf\":{\"@id\":\"https:\/\/www.gruendach-technik.de\/gdt\/#website\"},\"datePublished\":\"2024-02-02T14:18:53+00:00\",\"dateModified\":\"2024-07-15T14:59:40+00:00\",\"breadcrumb\":{\"@id\":\"https:\/\/www.gruendach-technik.de\/gdt\/pflanzeneinbringungsarten\/#breadcrumb\"},\"inLanguage\":\"de\",\"potentialAction\":[{\"@type\":\"ReadAction\",\"target\":[\"https:\/\/www.gruendach-technik.de\/gdt\/pflanzeneinbringungsarten\/\"]}]},{\"@type\":\"BreadcrumbList\",\"@id\":\"https:\/\/www.gruendach-technik.de\/gdt\/pflanzeneinbringungsarten\/#breadcrumb\",\"itemListElement\":[{\"@type\":\"ListItem\",\"position\":1,\"name\":\"Startseite\",\"item\":\"https:\/\/www.gruendach-technik.de\/gdt\/\"},{\"@type\":\"ListItem\",\"position\":2,\"name\":\"Vegetation und Pflanzeneinbringung\"}]},{\"@type\":\"WebSite\",\"@id\":\"https:\/\/www.gruendach-technik.de\/gdt\/#website\",\"url\":\"https:\/\/www.gruendach-technik.de\/gdt\/\",\"name\":\"GDT Gr\u00fcndachtechnik GmbH\",\"description\":\"Dachbegr\u00fcnungen, Ihr Partner f\u00fcr gr\u00fcne D\u00e4cher\",\"publisher\":{\"@id\":\"https:\/\/www.gruendach-technik.de\/gdt\/#organization\"},\"alternateName\":\"GDT - Ihr Partner f\u00fcr gr\u00fcne D\u00e4cher\",\"potentialAction\":[{\"@type\":\"SearchAction\",\"target\":{\"@type\":\"EntryPoint\",\"urlTemplate\":\"https:\/\/www.gruendach-technik.de\/gdt\/?s={search_term_string}\"},\"query-input\":\"required name=search_term_string\"}],\"inLanguage\":\"de\"},{\"@type\":\"Organization\",\"@id\":\"https:\/\/www.gruendach-technik.de\/gdt\/#organization\",\"name\":\"GDT Gr\u00fcndachtechnik GmbH\",\"url\":\"https:\/\/www.gruendach-technik.de\/gdt\/\",\"logo\":{\"@type\":\"ImageObject\",\"inLanguage\":\"de\",\"@id\":\"https:\/\/www.gruendach-technik.de\/gdt\/#\/schema\/logo\/image\/\",\"url\":\"https:\/\/www.gruendach-technik.de\/gdt\/wp-content\/uploads\/2024\/01\/GDT-Gruendachtechnik-Ihr-Partner-fuer-gruene-Daecher_3.jpg\",\"contentUrl\":\"https:\/\/www.gruendach-technik.de\/gdt\/wp-content\/uploads\/2024\/01\/GDT-Gruendachtechnik-Ihr-Partner-fuer-gruene-Daecher_3.jpg\",\"width\":1230,\"height\":506,\"caption\":\"GDT Gr\u00fcndachtechnik GmbH\"},\"image\":{\"@id\":\"https:\/\/www.gruendach-technik.de\/gdt\/#\/schema\/logo\/image\/\"}}]}<\/script>\n<!-- \/ Yoast SEO Premium plugin. -->","yoast_head_json":{"title":"Vegetation und Pflanzeneinbringung - GDT Gr\u00fcndachtechnik GmbH","robots":{"index":"index","follow":"follow","max-snippet":"max-snippet:-1","max-image-preview":"max-image-preview:large","max-video-preview":"max-video-preview:-1"},"canonical":"https:\/\/www.gruendach-technik.de\/gdt\/pflanzeneinbringungsarten\/","og_locale":"de_DE","og_type":"article","og_title":"Vegetation und Pflanzeneinbringung","og_description":"Vegetation und Pflanzeneinbringung Vegetation Die Vegetation oder Pflanzschicht bei einer Dachbegr\u00fcnung kann je nach technischem Aufbau, Schichtdicken des Substrats und die Pflanzenauswahl sehr unterschiedlich sein. Geringe Substrath\u00f6hen erm\u00f6glichen eine Extensivbegr\u00fcnung. M\u00f6gliche Pflanzm\u00f6glichkeiten mit Sedum\/ Kr\u00e4uter und Gr\u00e4sern sind m\u00f6glich. Neben bew\u00e4hrten Dachbegr\u00fcnungsmischungen wie z. B. Sedumteppich, Kr\u00e4uterbl\u00fctenflor und Kr\u00e4uterwiese, k\u00f6nnen heimische Pflanzen, W\u00fcnsche an Bl\u00fchfarben [&hellip;]","og_url":"https:\/\/www.gruendach-technik.de\/gdt\/pflanzeneinbringungsarten\/","og_site_name":"GDT Gr\u00fcndachtechnik GmbH","article_modified_time":"2024-07-15T14:59:40+00:00","og_image":[{"width":1200,"height":800,"url":"https:\/\/www.gruendach-technik.de\/gdt\/wp-content\/uploads\/2024\/03\/G_ppingen-LRA-2007-100621-800.jpg","type":"image\/jpeg"}],"twitter_card":"summary_large_image","twitter_misc":{"Gesch\u00e4tzte Lesezeit":"5\u00a0Minuten"},"schema":{"@context":"https:\/\/schema.org","@graph":[{"@type":"WebPage","@id":"https:\/\/www.gruendach-technik.de\/gdt\/pflanzeneinbringungsarten\/","url":"https:\/\/www.gruendach-technik.de\/gdt\/pflanzeneinbringungsarten\/","name":"Vegetation und Pflanzeneinbringung - GDT Gr\u00fcndachtechnik GmbH","isPartOf":{"@id":"https:\/\/www.gruendach-technik.de\/gdt\/#website"},"datePublished":"2024-02-02T14:18:53+00:00","dateModified":"2024-07-15T14:59:40+00:00","breadcrumb":{"@id":"https:\/\/www.gruendach-technik.de\/gdt\/pflanzeneinbringungsarten\/#breadcrumb"},"inLanguage":"de","potentialAction":[{"@type":"ReadAction","target":["https:\/\/www.gruendach-technik.de\/gdt\/pflanzeneinbringungsarten\/"]}]},{"@type":"BreadcrumbList","@id":"https:\/\/www.gruendach-technik.de\/gdt\/pflanzeneinbringungsarten\/#breadcrumb","itemListElement":[{"@type":"ListItem","position":1,"name":"Startseite","item":"https:\/\/www.gruendach-technik.de\/gdt\/"},{"@type":"ListItem","position":2,"name":"Vegetation und Pflanzeneinbringung"}]},{"@type":"WebSite","@id":"https:\/\/www.gruendach-technik.de\/gdt\/#website","url":"https:\/\/www.gruendach-technik.de\/gdt\/","name":"GDT Gr\u00fcndachtechnik GmbH","description":"Dachbegr\u00fcnungen, Ihr Partner f\u00fcr gr\u00fcne D\u00e4cher","publisher":{"@id":"https:\/\/www.gruendach-technik.de\/gdt\/#organization"},"alternateName":"GDT - Ihr Partner f\u00fcr gr\u00fcne D\u00e4cher","potentialAction":[{"@type":"SearchAction","target":{"@type":"EntryPoint","urlTemplate":"https:\/\/www.gruendach-technik.de\/gdt\/?s={search_term_string}"},"query-input":"required name=search_term_string"}],"inLanguage":"de"},{"@type":"Organization","@id":"https:\/\/www.gruendach-technik.de\/gdt\/#organization","name":"GDT Gr\u00fcndachtechnik GmbH","url":"https:\/\/www.gruendach-technik.de\/gdt\/","logo":{"@type":"ImageObject","inLanguage":"de","@id":"https:\/\/www.gruendach-technik.de\/gdt\/#\/schema\/logo\/image\/","url":"https:\/\/www.gruendach-technik.de\/gdt\/wp-content\/uploads\/2024\/01\/GDT-Gruendachtechnik-Ihr-Partner-fuer-gruene-Daecher_3.jpg","contentUrl":"https:\/\/www.gruendach-technik.de\/gdt\/wp-content\/uploads\/2024\/01\/GDT-Gruendachtechnik-Ihr-Partner-fuer-gruene-Daecher_3.jpg","width":1230,"height":506,"caption":"GDT Gr\u00fcndachtechnik GmbH"},"image":{"@id":"https:\/\/www.gruendach-technik.de\/gdt\/#\/schema\/logo\/image\/"}}]}},"_links":{"self":[{"href":"https:\/\/www.gruendach-technik.de\/gdt\/wp-json\/wp\/v2\/pages\/1908","targetHints":{"allow":["GET"]}}],"collection":[{"href":"https:\/\/www.gruendach-technik.de\/gdt\/wp-json\/wp\/v2\/pages"}],"about":[{"href":"https:\/\/www.gruendach-technik.de\/gdt\/wp-json\/wp\/v2\/types\/page"}],"author":[{"embeddable":true,"href":"https:\/\/www.gruendach-technik.de\/gdt\/wp-json\/wp\/v2\/users\/1"}],"replies":[{"embeddable":true,"href":"https:\/\/www.gruendach-technik.de\/gdt\/wp-json\/wp\/v2\/comments?post=1908"}],"version-history":[{"count":1,"href":"https:\/\/www.gruendach-technik.de\/gdt\/wp-json\/wp\/v2\/pages\/1908\/revisions"}],"predecessor-version":[{"id":2943,"href":"https:\/\/www.gruendach-technik.de\/gdt\/wp-json\/wp\/v2\/pages\/1908\/revisions\/2943"}],"wp:attachment":[{"href":"https:\/\/www.gruendach-technik.de\/gdt\/wp-json\/wp\/v2\/media?parent=1908"}],"curies":[{"name":"wp","href":"https:\/\/api.w.org\/{rel}","templated":true}]}}